{"id":52,"date":"2021-12-26T21:39:18","date_gmt":"2021-12-26T20:39:18","guid":{"rendered":"https:\/\/paulinebureau.fr\/?page_id=52"},"modified":"2026-02-07T19:49:17","modified_gmt":"2026-02-07T19:49:17","slug":"about","status":"publish","type":"page","link":"https:\/\/paulinebureau.com\/?page_id=52","title":{"rendered":"About"},"content":{"rendered":"\t\t<div data-elementor-type=\"wp-page\" data-elementor-id=\"52\" class=\"elementor elementor-52\">\n\t\t\t\t<div class=\"elementor-element elementor-element-9cc1ab6 e-con-full e-flex e-con e-parent\" data-id=\"9cc1ab6\" data-element_type=\"container\">\n\t\t\t\t<div class=\"elementor-element elementor-element-c2259ed elementor-widget elementor-widget-text-editor\" data-id=\"c2259ed\" data-element_type=\"widget\" data-widget_type=\"text-editor.default\">\n\t\t\t\t<div class=\"elementor-widget-container\">\n\t\t\t\t\t\t\t\t\t<h6><span style=\"font-size: small; color: #000000;\"><b>B. 1995. Living and working in Paris.<\/b><\/span><\/h6>\t\t\t\t\t\t\t\t<\/div>\n\t\t\t\t<\/div>\n\t\t\t\t<\/div>\n\t\t<div class=\"elementor-element elementor-element-cde85ec e-con-full e-flex e-con e-parent\" data-id=\"cde85ec\" data-element_type=\"container\">\n\t\t\t\t<div class=\"elementor-element elementor-element-55df5f8 elementor-widget__width-inherit elementor-widget elementor-widget-text-editor\" data-id=\"55df5f8\" data-element_type=\"widget\" data-widget_type=\"text-editor.default\">\n\t\t\t\t<div class=\"elementor-widget-container\">\n\t\t\t\t\t\t\t\t\t<h6><span style=\"font-size: small; color: #000000;\"><b><span style=\"text-decoration: underline;\">Current affiliation<\/span>: Postdoc at Paris Nanterre University \u2013 Mod\u00e8les, Dynamiques, Corpus (MoDyCo).<\/b><\/span><\/h6>\t\t\t\t\t\t\t\t<\/div>\n\t\t\t\t<\/div>\n\t\t\t\t<\/div>\n\t\t<div class=\"elementor-element elementor-element-41f4bf6 cv e-flex e-con-boxed e-con e-parent\" data-id=\"41f4bf6\" data-element_type=\"container\">\n\t\t\t\t\t<div class=\"e-con-inner\">\n\t\t\t\t<div class=\"elementor-element elementor-element-473f338 elementor-widget elementor-widget-heading\" data-id=\"473f338\" data-element_type=\"widget\" data-widget_type=\"heading.default\">\n\t\t\t\t<div class=\"elementor-widget-container\">\n\t\t\t\t\t<h2 class=\"elementor-heading-title elementor-size-default\">\u00c9ducation<\/h2>\t\t\t\t<\/div>\n\t\t\t\t<\/div>\n\t\t\t\t<div class=\"elementor-element elementor-element-cc2a184 elementor-widget__width-inherit elementor-widget elementor-widget-html\" data-id=\"cc2a184\" data-element_type=\"widget\" data-widget_type=\"html.default\">\n\t\t\t\t<div class=\"elementor-widget-container\">\n\t\t\t\t\t<div class=\"cv-row\">\n  <div class=\"cv-date\">2023<\/div>\n  <div class=\"cv-content\">\n    <span class=\"cv-strong\">PhD,<\/span>\n    <span class=\"cv-plain\"> Applied linguistics, <\/span>\n    <span class=\"cv-strong\">University Grenoble Alpes<\/span>\n  <\/div>\n<\/div>\n\n\t\t\t\t<\/div>\n\t\t\t\t<\/div>\n\t\t\t\t<div class=\"elementor-element elementor-element-6ce25f9 elementor-widget__width-inherit elementor-widget elementor-widget-html\" data-id=\"6ce25f9\" data-element_type=\"widget\" data-widget_type=\"html.default\">\n\t\t\t\t<div class=\"elementor-widget-container\">\n\t\t\t\t\t<div class=\"cv-row\">\n  <div class=\"cv-date\">2020<\/div>\n <div class=\"cv-content\">\n    <span class=\"cv-strong\">MSc,<\/span>\n    <span class=\"cv-plain\"> English linguistics, <\/span>\n    <span class=\"cv-strong\">Paris-Sorbonne University<\/span>\n  <\/div>\n<\/div>\n\t\t\t\t<\/div>\n\t\t\t\t<\/div>\n\t\t\t\t<div class=\"elementor-element elementor-element-6448882 elementor-widget elementor-widget-html\" data-id=\"6448882\" data-element_type=\"widget\" data-widget_type=\"html.default\">\n\t\t\t\t<div class=\"elementor-widget-container\">\n\t\t\t\t\t<div class=\"cv-row\">\n  <div class=\"cv-date\">2019<\/div>\n<div class=\"cv-content\">\n    <span class=\"cv-strong\"><\/span>\n    <span class=\"cv-plain\"> Competitive exams of the Agr\u00e9gation externe d'anglais. <\/span>\n    <span class=\"cv-strong\">\n         Admitted<\/span>\n  <\/div>\n<\/div>\n\t\t\t\t<\/div>\n\t\t\t\t<\/div>\n\t\t\t\t<div class=\"elementor-element elementor-element-0be7e26 elementor-widget elementor-widget-html\" data-id=\"0be7e26\" data-element_type=\"widget\" data-widget_type=\"html.default\">\n\t\t\t\t<div class=\"elementor-widget-container\">\n\t\t\t\t\t<div class=\"cv-row\">\n  <div class=\"cv-date\">2018<\/div>\n<div class=\"cv-content\">\n    <span class=\"cv-strong\">MSc,<\/span>\n    <span class=\"cv-plain\"> Training of Higher Education Academic Staff (FeSup), <\/span>\n    <span class=\"cv-strong\">\u00c9cole Normale Sup\u00e9rieure Paris-Saclay<\/span>\n  <\/div>\n<\/div>\n\t\t\t\t<\/div>\n\t\t\t\t<\/div>\n\t\t\t\t<div class=\"elementor-element elementor-element-b179a76 elementor-widget elementor-widget-html\" data-id=\"b179a76\" data-element_type=\"widget\" data-widget_type=\"html.default\">\n\t\t\t\t<div class=\"elementor-widget-container\">\n\t\t\t\t\t<div class=\"cv-row\">\n  <div class=\"cv-date\">2016<\/div>\n<div class=\"cv-content\">\n    <span class=\"cv-strong\">BA,<\/span>\n    <span class=\"cv-plain\"> English Literature, History, Linguistics, and Translation, <\/span>\n    <span class=\"cv-strong\">\u00c9cole Normale Sup\u00e9rieure Paris-Saclay<\/span>\n  <\/div>\n<\/div>\n\t\t\t\t<\/div>\n\t\t\t\t<\/div>\n\t\t\t\t\t<\/div>\n\t\t\t\t<\/div>\n\t\t<div class=\"elementor-element elementor-element-d0a5dd8 cv e-flex e-con-boxed e-con e-parent\" data-id=\"d0a5dd8\" data-element_type=\"container\">\n\t\t\t\t\t<div class=\"e-con-inner\">\n\t\t\t\t<div class=\"elementor-element elementor-element-7e5efcf elementor-widget elementor-widget-heading\" data-id=\"7e5efcf\" data-element_type=\"widget\" data-widget_type=\"heading.default\">\n\t\t\t\t<div class=\"elementor-widget-container\">\n\t\t\t\t\t<h2 class=\"elementor-heading-title elementor-size-default\">Grants<\/h2>\t\t\t\t<\/div>\n\t\t\t\t<\/div>\n\t\t\t\t<div class=\"elementor-element elementor-element-f0e1711 elementor-widget elementor-widget-html\" data-id=\"f0e1711\" data-element_type=\"widget\" data-widget_type=\"html.default\">\n\t\t\t\t<div class=\"elementor-widget-container\">\n\t\t\t\t\t<div class=\"cv-row\">\n  <div class=\"cv-date\">2025<\/div>\n<div class=\"cv-content\">\n    <span class=\"cv-strong\"><\/span>\n    <span class=\"cv-plain\"> Sarah M\u00fcller-Moaty Visiting Fellowship in the Humanities, <\/span>\n    <span class=\"cv-strong\">Stanford University.<\/span>\n  <\/div>\n<\/div>\n\t\t\t\t<\/div>\n\t\t\t\t<\/div>\n\t\t\t\t<div class=\"elementor-element elementor-element-f535bce elementor-widget elementor-widget-html\" data-id=\"f535bce\" data-element_type=\"widget\" data-widget_type=\"html.default\">\n\t\t\t\t<div class=\"elementor-widget-container\">\n\t\t\t\t\t<div class=\"cv-row\">\n  <div class=\"cv-date\">2025<\/div>\n<div class=\"cv-content\">\n    <span class=\"cv-strong\">Seal of Excellence, <\/span>\n    <span class=\"cv-plain\"> Marie-Slodowska Curie Global Postdoctoral Fellowship (Horizon Europe). <\/span>\n    <span class=\"cv-strong\"><\/span>\n  <\/div>\n<\/div>\n\t\t\t\t<\/div>\n\t\t\t\t<\/div>\n\t\t\t\t<div class=\"elementor-element elementor-element-9208b57 elementor-widget elementor-widget-html\" data-id=\"9208b57\" data-element_type=\"widget\" data-widget_type=\"html.default\">\n\t\t\t\t<div class=\"elementor-widget-container\">\n\t\t\t\t\t<div class=\"cv-row\">\n  <div class=\"cv-date\">2024<\/div>\n<div class=\"cv-content\">\n    <span class=\"cv-strong\">Jean-Walter Zellidja Research Grant (Acad\u00e9mie Fran\u00e7aise),<\/span>\n    <span class=\"cv-plain\"> <\/span>\n    <span class=\"cv-strong\">University of Napoli Parthenope.<\/span>\n  <\/div>\n<\/div>\n\t\t\t\t<\/div>\n\t\t\t\t<\/div>\n\t\t\t\t<div class=\"elementor-element elementor-element-4c53633 elementor-widget elementor-widget-html\" data-id=\"4c53633\" data-element_type=\"widget\" data-widget_type=\"html.default\">\n\t\t\t\t<div class=\"elementor-widget-container\">\n\t\t\t\t\t<div class=\"cv-row\">\n  <div class=\"cv-date\">2022<\/div>\n<div class=\"cv-content\">\n    <span class=\"cv-strong\">Mitacs \u2013 Globalink Research Award Thematic Call,<\/span>\n    <span class=\"cv-plain\"> Observatoire Linguistique Sens-Texte, <\/span>\n    <span class=\"cv-strong\">University of Montr\u00e9al.<\/span>\n  <\/div>\n<\/div>\n\t\t\t\t<\/div>\n\t\t\t\t<\/div>\n\t\t\t\t\t<\/div>\n\t\t\t\t<\/div>\n\t\t<div class=\"elementor-element elementor-element-2416e6d e-grid e-con-full e-con e-parent\" data-id=\"2416e6d\" data-element_type=\"container\">\n\t\t\t\t<div class=\"elementor-element elementor-element-5e727d2 elementor-widget elementor-widget-image\" data-id=\"5e727d2\" data-element_type=\"widget\" data-widget_type=\"image.default\">\n\t\t\t\t<div class=\"elementor-widget-container\">\n\t\t\t\t\t\t\t\t\t\t\t\t<figure class=\"wp-caption\">\n\t\t\t\t\t\t\t\t\t\t<img fetchpriority=\"high\" decoding=\"async\" width=\"919\" height=\"758\" src=\"https:\/\/paulinebureau.com\/wp-content\/uploads\/2024\/10\/Sans-titre-1.webp\" class=\"attachment-full size-full wp-image-3226\" alt=\"\" srcset=\"https:\/\/paulinebureau.com\/wp-content\/uploads\/2024\/10\/Sans-titre-1.webp 919w, https:\/\/paulinebureau.com\/wp-content\/uploads\/2024\/10\/Sans-titre-1-300x247.webp 300w, https:\/\/paulinebureau.com\/wp-content\/uploads\/2024\/10\/Sans-titre-1-768x633.webp 768w, https:\/\/paulinebureau.com\/wp-content\/uploads\/2024\/10\/Sans-titre-1-400x330.webp 400w, https:\/\/paulinebureau.com\/wp-content\/uploads\/2024\/10\/Sans-titre-1-800x660.webp 800w\" sizes=\"(max-width: 919px) 100vw, 919px\" \/>\t\t\t\t\t\t\t\t\t\t\t<figcaption class=\"widget-image-caption wp-caption-text\">Fig. 1: Sample of the subject's handwriting<\/figcaption>\n\t\t\t\t\t\t\t\t\t\t<\/figure>\n\t\t\t\t\t\t\t\t\t<\/div>\n\t\t\t\t<\/div>\n\t\t\t\t<div class=\"elementor-element elementor-element-cf08e67 elementor-widget elementor-widget-image\" data-id=\"cf08e67\" data-element_type=\"widget\" data-widget_type=\"image.default\">\n\t\t\t\t<div class=\"elementor-widget-container\">\n\t\t\t\t\t\t\t\t\t\t\t\t<figure class=\"wp-caption\">\n\t\t\t\t\t\t\t\t\t\t<img decoding=\"async\" width=\"919\" height=\"758\" src=\"https:\/\/paulinebureau.com\/wp-content\/uploads\/2024\/10\/ID-ARTY.jpg\" class=\"attachment-full size-full wp-image-3183\" alt=\"\" srcset=\"https:\/\/paulinebureau.com\/wp-content\/uploads\/2024\/10\/ID-ARTY.jpg 919w, https:\/\/paulinebureau.com\/wp-content\/uploads\/2024\/10\/ID-ARTY-300x247.jpg 300w, https:\/\/paulinebureau.com\/wp-content\/uploads\/2024\/10\/ID-ARTY-768x633.jpg 768w, https:\/\/paulinebureau.com\/wp-content\/uploads\/2024\/10\/ID-ARTY-400x330.jpg 400w, https:\/\/paulinebureau.com\/wp-content\/uploads\/2024\/10\/ID-ARTY-800x660.jpg 800w\" sizes=\"(max-width: 919px) 100vw, 919px\" \/>\t\t\t\t\t\t\t\t\t\t\t<figcaption class=\"widget-image-caption wp-caption-text\">Fig. 2: Self-portrait<\/figcaption>\n\t\t\t\t\t\t\t\t\t\t<\/figure>\n\t\t\t\t\t\t\t\t\t<\/div>\n\t\t\t\t<\/div>\n\t\t\t\t<\/div>\n\t\t\t\t<\/div>\n\t\t","protected":false},"excerpt":{"rendered":"<p>B. 1995. Living and working in Paris. Current affiliation: Postdoc at Paris Nanterre University \u2013 Mod\u00e8les, Dynamiques, Corpus (MoDyCo). \u00c9ducation 2023 PhD, Applied linguistics, University Grenoble Alpes 2020 MSc, English linguistics, Paris-Sorbonne University 2019 Competitive exams of the Agr\u00e9gation externe d&#8217;anglais. Admitted 2018 MSc, Training of Higher Education Academic Staff (FeSup), \u00c9cole Normale Sup\u00e9rieure Paris-Saclay [&hellip;]<\/p>\n","protected":false},"author":2,"featured_media":0,"parent":0,"menu_order":0,"comment_status":"closed","ping_status":"closed","template":"","meta":{"_eb_attr":"","footnotes":""},"class_list":["post-52","page","type-page","status-publish","hentry","missing-thumbnail"],"yoast_head":"<!-- This site is optimized with the Yoast SEO plugin v26.7 - https:\/\/yoast.com\/wordpress\/plugins\/seo\/ -->\n<title>Pauline Bureau - About<\/title>\n<meta name=\"description\" content=\"She documents symbiotic connections to the material, natural or spiritual world that a stolen moment of presence allowed her to perceive \u2014 temporary escapes from the domination of the analytical mind, over-stimulated, protuberant.\" \/>\n<meta name=\"robots\" content=\"index, follow, max-snippet:-1, max-image-preview:large, max-video-preview:-1\" \/>\n<link rel=\"canonical\" href=\"https:\/\/paulinebureau.com\/?page_id=52\" \/>\n<meta property=\"og:locale\" content=\"en_US\" \/>\n<meta property=\"og:type\" content=\"article\" \/>\n<meta property=\"og:title\" content=\"Pauline Bureau - About\" \/>\n<meta property=\"og:description\" content=\"She documents symbiotic connections to the material, natural or spiritual world that a stolen moment of presence allowed her to perceive \u2014 temporary escapes from the domination of the analytical mind, over-stimulated, protuberant.\" \/>\n<meta property=\"og:url\" content=\"https:\/\/paulinebureau.com\/?page_id=52\" \/>\n<meta property=\"og:site_name\" content=\"Pauline Bureau\" \/>\n<meta property=\"article:modified_time\" content=\"2026-02-07T19:49:17+00:00\" \/>\n<meta property=\"og:image\" content=\"https:\/\/paulinebureau.com\/wp-content\/uploads\/2024\/10\/Sans-titre-1.webp\" \/>\n\t<meta property=\"og:image:width\" content=\"919\" \/>\n\t<meta property=\"og:image:height\" content=\"758\" \/>\n\t<meta property=\"og:image:type\" content=\"image\/webp\" \/>\n<meta name=\"twitter:card\" content=\"summary_large_image\" \/>\n<meta name=\"twitter:label1\" content=\"Est. reading time\" \/>\n\t<meta name=\"twitter:data1\" content=\"1 minute\" \/>\n<script type=\"application\/ld+json\" class=\"yoast-schema-graph\">{\"@context\":\"https:\/\/schema.org\",\"@graph\":[{\"@type\":[\"WebPage\",\"AboutPage\"],\"@id\":\"https:\/\/paulinebureau.com\/?page_id=52\",\"url\":\"https:\/\/paulinebureau.com\/?page_id=52\",\"name\":\"Pauline Bureau - About\",\"isPartOf\":{\"@id\":\"https:\/\/paulinebureau.com\/#website\"},\"primaryImageOfPage\":{\"@id\":\"https:\/\/paulinebureau.com\/?page_id=52#primaryimage\"},\"image\":{\"@id\":\"https:\/\/paulinebureau.com\/?page_id=52#primaryimage\"},\"thumbnailUrl\":\"https:\/\/paulinebureau.com\/wp-content\/uploads\/2024\/10\/Sans-titre-1.webp\",\"datePublished\":\"2021-12-26T20:39:18+00:00\",\"dateModified\":\"2026-02-07T19:49:17+00:00\",\"description\":\"She documents symbiotic connections to the material, natural or spiritual world that a stolen moment of presence allowed her to perceive \u2014 temporary escapes from the domination of the analytical mind, over-stimulated, protuberant.\",\"breadcrumb\":{\"@id\":\"https:\/\/paulinebureau.com\/?page_id=52#breadcrumb\"},\"inLanguage\":\"en-US\",\"potentialAction\":[{\"@type\":\"ReadAction\",\"target\":[\"https:\/\/paulinebureau.com\/?page_id=52\"]}]},{\"@type\":\"ImageObject\",\"inLanguage\":\"en-US\",\"@id\":\"https:\/\/paulinebureau.com\/?page_id=52#primaryimage\",\"url\":\"https:\/\/paulinebureau.com\/wp-content\/uploads\/2024\/10\/Sans-titre-1.webp\",\"contentUrl\":\"https:\/\/paulinebureau.com\/wp-content\/uploads\/2024\/10\/Sans-titre-1.webp\",\"width\":919,\"height\":758},{\"@type\":\"BreadcrumbList\",\"@id\":\"https:\/\/paulinebureau.com\/?page_id=52#breadcrumb\",\"itemListElement\":[{\"@type\":\"ListItem\",\"position\":1,\"name\":\"Home\",\"item\":\"https:\/\/paulinebureau.com\/\"},{\"@type\":\"ListItem\",\"position\":2,\"name\":\"About\"}]},{\"@type\":\"WebSite\",\"@id\":\"https:\/\/paulinebureau.com\/#website\",\"url\":\"https:\/\/paulinebureau.com\/\",\"name\":\"Pauline Bureau\",\"description\":\"she\/her\",\"publisher\":{\"@id\":\"https:\/\/paulinebureau.com\/#\/schema\/person\/68ede05e8e6d36d7757c2cc868eb15eb\"},\"potentialAction\":[{\"@type\":\"SearchAction\",\"target\":{\"@type\":\"EntryPoint\",\"urlTemplate\":\"https:\/\/paulinebureau.com\/?s={search_term_string}\"},\"query-input\":{\"@type\":\"PropertyValueSpecification\",\"valueRequired\":true,\"valueName\":\"search_term_string\"}}],\"inLanguage\":\"en-US\"},{\"@type\":[\"Person\",\"Organization\"],\"@id\":\"https:\/\/paulinebureau.com\/#\/schema\/person\/68ede05e8e6d36d7757c2cc868eb15eb\",\"name\":\"Pauline Bureau\",\"image\":{\"@type\":\"ImageObject\",\"inLanguage\":\"en-US\",\"@id\":\"https:\/\/paulinebureau.com\/#\/schema\/person\/image\/\",\"url\":\"https:\/\/paulinebureau.com\/wp-content\/uploads\/2024\/04\/Capture-decran-2024-04-19-a-14.46.32.png\",\"contentUrl\":\"https:\/\/paulinebureau.com\/wp-content\/uploads\/2024\/04\/Capture-decran-2024-04-19-a-14.46.32.png\",\"width\":320,\"height\":354,\"caption\":\"Pauline Bureau\"},\"logo\":{\"@id\":\"https:\/\/paulinebureau.com\/#\/schema\/person\/image\/\"},\"sameAs\":[\"https:\/\/northernsquaw.com\",\"https:\/\/www.instagram.com\/northernsquaw\/\",\"https:\/\/www.linkedin.com\/in\/pauline-bureau-b4b58513a\/\"]}]}<\/script>\n<!-- \/ Yoast SEO plugin. -->","yoast_head_json":{"title":"Pauline Bureau - About","description":"She documents symbiotic connections to the material, natural or spiritual world that a stolen moment of presence allowed her to perceive \u2014 temporary escapes from the domination of the analytical mind, over-stimulated, protuberant.","robots":{"index":"index","follow":"follow","max-snippet":"max-snippet:-1","max-image-preview":"max-image-preview:large","max-video-preview":"max-video-preview:-1"},"canonical":"https:\/\/paulinebureau.com\/?page_id=52","og_locale":"en_US","og_type":"article","og_title":"Pauline Bureau - About","og_description":"She documents symbiotic connections to the material, natural or spiritual world that a stolen moment of presence allowed her to perceive \u2014 temporary escapes from the domination of the analytical mind, over-stimulated, protuberant.","og_url":"https:\/\/paulinebureau.com\/?page_id=52","og_site_name":"Pauline Bureau","article_modified_time":"2026-02-07T19:49:17+00:00","og_image":[{"width":919,"height":758,"url":"https:\/\/paulinebureau.com\/wp-content\/uploads\/2024\/10\/Sans-titre-1.webp","type":"image\/webp"}],"twitter_card":"summary_large_image","twitter_misc":{"Est. reading time":"1 minute"},"schema":{"@context":"https:\/\/schema.org","@graph":[{"@type":["WebPage","AboutPage"],"@id":"https:\/\/paulinebureau.com\/?page_id=52","url":"https:\/\/paulinebureau.com\/?page_id=52","name":"Pauline Bureau - About","isPartOf":{"@id":"https:\/\/paulinebureau.com\/#website"},"primaryImageOfPage":{"@id":"https:\/\/paulinebureau.com\/?page_id=52#primaryimage"},"image":{"@id":"https:\/\/paulinebureau.com\/?page_id=52#primaryimage"},"thumbnailUrl":"https:\/\/paulinebureau.com\/wp-content\/uploads\/2024\/10\/Sans-titre-1.webp","datePublished":"2021-12-26T20:39:18+00:00","dateModified":"2026-02-07T19:49:17+00:00","description":"She documents symbiotic connections to the material, natural or spiritual world that a stolen moment of presence allowed her to perceive \u2014 temporary escapes from the domination of the analytical mind, over-stimulated, protuberant.","breadcrumb":{"@id":"https:\/\/paulinebureau.com\/?page_id=52#breadcrumb"},"inLanguage":"en-US","potentialAction":[{"@type":"ReadAction","target":["https:\/\/paulinebureau.com\/?page_id=52"]}]},{"@type":"ImageObject","inLanguage":"en-US","@id":"https:\/\/paulinebureau.com\/?page_id=52#primaryimage","url":"https:\/\/paulinebureau.com\/wp-content\/uploads\/2024\/10\/Sans-titre-1.webp","contentUrl":"https:\/\/paulinebureau.com\/wp-content\/uploads\/2024\/10\/Sans-titre-1.webp","width":919,"height":758},{"@type":"BreadcrumbList","@id":"https:\/\/paulinebureau.com\/?page_id=52#breadcrumb","itemListElement":[{"@type":"ListItem","position":1,"name":"Home","item":"https:\/\/paulinebureau.com\/"},{"@type":"ListItem","position":2,"name":"About"}]},{"@type":"WebSite","@id":"https:\/\/paulinebureau.com\/#website","url":"https:\/\/paulinebureau.com\/","name":"Pauline Bureau","description":"she\/her","publisher":{"@id":"https:\/\/paulinebureau.com\/#\/schema\/person\/68ede05e8e6d36d7757c2cc868eb15eb"},"potentialAction":[{"@type":"SearchAction","target":{"@type":"EntryPoint","urlTemplate":"https:\/\/paulinebureau.com\/?s={search_term_string}"},"query-input":{"@type":"PropertyValueSpecification","valueRequired":true,"valueName":"search_term_string"}}],"inLanguage":"en-US"},{"@type":["Person","Organization"],"@id":"https:\/\/paulinebureau.com\/#\/schema\/person\/68ede05e8e6d36d7757c2cc868eb15eb","name":"Pauline Bureau","image":{"@type":"ImageObject","inLanguage":"en-US","@id":"https:\/\/paulinebureau.com\/#\/schema\/person\/image\/","url":"https:\/\/paulinebureau.com\/wp-content\/uploads\/2024\/04\/Capture-decran-2024-04-19-a-14.46.32.png","contentUrl":"https:\/\/paulinebureau.com\/wp-content\/uploads\/2024\/04\/Capture-decran-2024-04-19-a-14.46.32.png","width":320,"height":354,"caption":"Pauline Bureau"},"logo":{"@id":"https:\/\/paulinebureau.com\/#\/schema\/person\/image\/"},"sameAs":["https:\/\/northernsquaw.com","https:\/\/www.instagram.com\/northernsquaw\/","https:\/\/www.linkedin.com\/in\/pauline-bureau-b4b58513a\/"]}]}},"_links":{"self":[{"href":"https:\/\/paulinebureau.com\/index.php?rest_route=\/wp\/v2\/pages\/52","targetHints":{"allow":["GET"]}}],"collection":[{"href":"https:\/\/paulinebureau.com\/index.php?rest_route=\/wp\/v2\/pages"}],"about":[{"href":"https:\/\/paulinebureau.com\/index.php?rest_route=\/wp\/v2\/types\/page"}],"author":[{"embeddable":true,"href":"https:\/\/paulinebureau.com\/index.php?rest_route=\/wp\/v2\/users\/2"}],"replies":[{"embeddable":true,"href":"https:\/\/paulinebureau.com\/index.php?rest_route=%2Fwp%2Fv2%2Fcomments&post=52"}],"version-history":[{"count":17,"href":"https:\/\/paulinebureau.com\/index.php?rest_route=\/wp\/v2\/pages\/52\/revisions"}],"predecessor-version":[{"id":4213,"href":"https:\/\/paulinebureau.com\/index.php?rest_route=\/wp\/v2\/pages\/52\/revisions\/4213"}],"wp:attachment":[{"href":"https:\/\/paulinebureau.com\/index.php?rest_route=%2Fwp%2Fv2%2Fmedia&parent=52"}],"curies":[{"name":"wp","href":"https:\/\/api.w.org\/{rel}","templated":true}]}}